{"id":9301,"date":"2022-07-13T12:15:53","date_gmt":"2022-07-13T12:15:53","guid":{"rendered":"https:\/\/hiroshi.qodeinteractive.com\/?page_id=3"},"modified":"2023-09-08T11:52:26","modified_gmt":"2023-09-08T09:52:26","slug":"accesibilidad","status":"publish","type":"page","link":"https:\/\/cajonarquitectos.com\/en\/accesibilidad\/","title":{"rendered":"Accessibility"},"content":{"rendered":"<p><strong>Accessibility<\/strong><\/p>\n\n\n\n<p>Caj\u00f3n Arquitectos is committed to making its website accessible, in accordance with the <a href=\"http:\/\/www.boe.es\/diario_boe\/txt.php?id=BOE-A-2018-12699\">Royal Decree 1112\/2018, of September 7, on accessibility of websites and applications for mobile devices in the public sector<\/a>.<\/p>\n\n\n\n<p>This accessibility statement applies to the website <a href=\"https:\/\/cajonarquitectos.com\/en\/\">https:\/\/cajonarquitectos.com<\/a>:<\/p>\n\n\n\n<p>&nbsp;<br><strong>COMPLIANCE SITUATION<\/strong><\/p>\n\n\n\n<p>This website partially complies with the <a href=\"http:\/\/www.boe.es\/diario_boe\/txt.php?id=BOE-A-2018-12699\">RD 1112\/2018<\/a> due to the exceptions and the lack of conformity of the aspects indicated in the following point.<br>&nbsp;<\/p>\n\n\n\n<p><strong>CONTENT NOT ACCESSIBLE<\/strong><\/p>\n\n\n\n<p>The content collected below is not accessible due to the following:<\/p>\n\n\n\n<p><strong>Lack of compliance with RD 1112\/2018<\/strong><\/p>\n\n\n\n<p>There could be some contrast aspects that do not meet the minimum requirements, 3:1, with respect to the adjacent colors of the background of the section of the website in question. [9.1.4.11 Non-textual contrast]&nbsp;<\/p>\n\n\n\n<p>There could be specific editing code errors on some web page. [4.1.1 Processing]<\/p>\n\n\n\n<p><strong>Disproportionate burden<\/strong><\/p>\n\n\n\n<p>Does not apply.<\/p>\n\n\n\n<p><strong>The content does not fall within the scope of applicable legislation<\/strong><\/p>\n\n\n\n<p>There could be office files in PDF or other formats published before September 20, 2018 that do not fully comply with all accessibility requirements. Although efforts have been made to ensure that the majority of them do comply.<br>&nbsp;<\/p>\n\n\n\n<p><strong>PREPARATION OF THIS ACCESSIBILITY DECLARATION<\/strong><\/p>\n\n\n\n<p>This statement was prepared on January 10, 2023.<\/p>\n\n\n\n<p>The method used to prepare the declaration has been a self-assessment carried out by the developer himself.<\/p>\n\n\n\n<p><strong>OBSERVATIONS AND CONTACT INFORMATION<\/strong><\/p>\n\n\n\n<p>You can make communications about accessibility requirements (article 10.2.a of RD 1112\/2018) such as:<\/p>\n\n\n\n<ul class=\"wp-block-list\">\n<li>Report any possible breach by this website<\/li>\n<\/ul>\n\n\n\n<ul class=\"wp-block-list\">\n<li>Transmit other content access difficulties<\/li>\n\n\n\n<li>Ask any other questions or suggestions for improvement regarding the accessibility of the website<\/li>\n<\/ul>\n\n\n\n<p>through the &nbsp;<a href=\"https:\/\/deportesartiza.shop\/contacto\/\">Contact Form<\/a> of this website.<\/p>\n\n\n\n<p>You can present:<\/p>\n\n\n\n<ul class=\"wp-block-list\">\n<li><strong>Complaint <\/strong>regarding compliance with the requirements of RD 1112\/2018 or<\/li>\n\n\n\n<li><strong>Accessible Information Request<\/strong> Relative to:<\/li>\n<\/ul>\n\n\n\n<p>Contents that are excluded from the scope of application of RD 1112\/2018 as established by article 3, section 4<\/p>\n\n\n\n<p>Content that is exempt from compliance with accessibility requirements because it imposes a disproportionate burden.<\/p>\n\n\n\n<p>In the Request for accessible information, the facts, reasons and request must be clearly specified that allow us to verify that it is a reasonable and legitimate request.<\/p>\n\n\n\n<p><strong>APPLICATION PROCEDURE<\/strong><\/p>\n\n\n\n<p>If once a request for accessible information or complaint has been made, it has been rejected, the decision taken is not agreed upon, or the response does not meet the requirements contemplated in article 12.5, the interested person may initiate a claim. Likewise, a claim may be initiated in the event that the period of twenty business days has elapsed without having received a response.<\/p>\n\n\n\n<p><strong>OPTIONAL CONTENT<\/strong><br>This portal is designed to be able to change the text size and color, as well as the background of the page using the standard browser configuration options.<\/p>\n\n\n\n<p>If you want to change the font size of the text in the main graphical browsers, use the following menus:<\/p>\n\n\n\n<ul class=\"wp-block-list\">\n<li>Internet Explorer, Mozilla and Firefox: View &gt; Text Size<\/li>\n\n\n\n<li>Opera: View &gt; Zoom<\/li>\n\n\n\n<li>Safari: View &gt; Make text larger<\/li>\n\n\n\n<li>Chrome: Control current page &gt; Text size<\/li>\n\n\n\n<li>To resize everything on the page:\n<ul class=\"wp-block-list\">\n<li>Ctrl + + to increase it<\/li>\n\n\n\n<li>Ctrl + \u2013 to decrease it<\/li>\n\n\n\n<li>Ctrl + 0 restores the original text size<\/li>\n\n\n\n<li>If what you want is to override the style sheet or modify the text color, you can consult the WAI&#039;s How to Change Text Size or Colors page, which can be read translated into Spanish in How to change the text size or colors?<\/li>\n<\/ul>\n<\/li>\n<\/ul>","protected":false},"excerpt":{"rendered":"<p>Accessibility Caj\u00f3n Arquitectos has committed to making its website accessible, in accordance with Royal Decree 1112\/2018, of September 7, on accessibility of websites and applications for mobile devices in the public sector. This accessibility statement applies to the website https:\/\/cajonarquitectos.com: COMPLIANCE SITUATION This website is [\u2026]<\/p>","protected":false},"author":1,"featured_media":0,"parent":0,"menu_order":0,"comment_status":"closed","ping_status":"open","template":"","meta":{"footnotes":""},"class_list":["post-9301","page","type-page","status-publish","hentry"],"yoast_head":"<!-- This site is optimized with the Yoast SEO plugin v21.5 - https:\/\/yoast.com\/wordpress\/plugins\/seo\/ -->\n<title>Accesibilidad - Cajon Arquitectos<\/title>\n<meta name=\"robots\" content=\"index, follow, max-snippet:-1, max-image-preview:large, max-video-preview:-1\" \/>\n<link rel=\"canonical\" href=\"https:\/\/cajonarquitectos.com\/en\/accesibilidad\/\" \/>\n<meta property=\"og:locale\" content=\"en_GB\" \/>\n<meta property=\"og:type\" content=\"article\" \/>\n<meta property=\"og:title\" content=\"Accesibilidad - Cajon Arquitectos\" \/>\n<meta property=\"og:description\" content=\"Accesibilidad Caj\u00f3n Arquitectos se ha comprometido a hacer accesible su sitio web, de conformidad con el Real Decreto 1112\/2018, de 7 de septiembre, sobre accesibilidad de los sitios web y aplicaciones para dispositivos m\u00f3viles del sector p\u00fablico. La presente declaraci\u00f3n de accesibilidad se aplica al sitio web https:\/\/cajonarquitectos.com: &nbsp;SITUACI\u00d3N DE CUMPLIMIENTO Este sitio web es [&hellip;]\" \/>\n<meta property=\"og:url\" content=\"https:\/\/cajonarquitectos.com\/en\/accesibilidad\/\" \/>\n<meta property=\"og:site_name\" content=\"Cajon Arquitectos\" \/>\n<meta property=\"article:modified_time\" content=\"2023-09-08T09:52:26+00:00\" \/>\n<meta name=\"twitter:card\" content=\"summary_large_image\" \/>\n<meta name=\"twitter:label1\" content=\"Estimated reading time\" \/>\n\t<meta name=\"twitter:data1\" content=\"3 minutes\" \/>\n<script type=\"application\/ld+json\" class=\"yoast-schema-graph\">{\"@context\":\"https:\/\/schema.org\",\"@graph\":[{\"@type\":\"WebPage\",\"@id\":\"https:\/\/cajonarquitectos.com\/accesibilidad\/\",\"url\":\"https:\/\/cajonarquitectos.com\/accesibilidad\/\",\"name\":\"Accesibilidad - Cajon Arquitectos\",\"isPartOf\":{\"@id\":\"https:\/\/cajonarquitectos.com\/#website\"},\"datePublished\":\"2022-07-13T12:15:53+00:00\",\"dateModified\":\"2023-09-08T09:52:26+00:00\",\"breadcrumb\":{\"@id\":\"https:\/\/cajonarquitectos.com\/accesibilidad\/#breadcrumb\"},\"inLanguage\":\"en-GB\",\"potentialAction\":[{\"@type\":\"ReadAction\",\"target\":[\"https:\/\/cajonarquitectos.com\/accesibilidad\/\"]}]},{\"@type\":\"BreadcrumbList\",\"@id\":\"https:\/\/cajonarquitectos.com\/accesibilidad\/#breadcrumb\",\"itemListElement\":[{\"@type\":\"ListItem\",\"position\":1,\"name\":\"Portada\",\"item\":\"https:\/\/cajonarquitectos.com\/\"},{\"@type\":\"ListItem\",\"position\":2,\"name\":\"Accesibilidad\"}]},{\"@type\":\"WebSite\",\"@id\":\"https:\/\/cajonarquitectos.com\/#website\",\"url\":\"https:\/\/cajonarquitectos.com\/\",\"name\":\"Cajon Arquitectos\",\"description\":\"Somos un estudio situado en Ponteareas formado en el a\u00f1o 2017\",\"potentialAction\":[{\"@type\":\"SearchAction\",\"target\":{\"@type\":\"EntryPoint\",\"urlTemplate\":\"https:\/\/cajonarquitectos.com\/?s={search_term_string}\"},\"query-input\":\"required name=search_term_string\"}],\"inLanguage\":\"en-GB\"}]}<\/script>\n<!-- \/ Yoast SEO plugin. -->","yoast_head_json":{"title":"Accesibilidad - Cajon Arquitectos","robots":{"index":"index","follow":"follow","max-snippet":"max-snippet:-1","max-image-preview":"max-image-preview:large","max-video-preview":"max-video-preview:-1"},"canonical":"https:\/\/cajonarquitectos.com\/en\/accesibilidad\/","og_locale":"en_GB","og_type":"article","og_title":"Accesibilidad - Cajon Arquitectos","og_description":"Accesibilidad Caj\u00f3n Arquitectos se ha comprometido a hacer accesible su sitio web, de conformidad con el Real Decreto 1112\/2018, de 7 de septiembre, sobre accesibilidad de los sitios web y aplicaciones para dispositivos m\u00f3viles del sector p\u00fablico. La presente declaraci\u00f3n de accesibilidad se aplica al sitio web https:\/\/cajonarquitectos.com: &nbsp;SITUACI\u00d3N DE CUMPLIMIENTO Este sitio web es [&hellip;]","og_url":"https:\/\/cajonarquitectos.com\/en\/accesibilidad\/","og_site_name":"Cajon Arquitectos","article_modified_time":"2023-09-08T09:52:26+00:00","twitter_card":"summary_large_image","twitter_misc":{"Estimated reading time":"3 minutes"},"schema":{"@context":"https:\/\/schema.org","@graph":[{"@type":"WebPage","@id":"https:\/\/cajonarquitectos.com\/accesibilidad\/","url":"https:\/\/cajonarquitectos.com\/accesibilidad\/","name":"Accesibilidad - Cajon Arquitectos","isPartOf":{"@id":"https:\/\/cajonarquitectos.com\/#website"},"datePublished":"2022-07-13T12:15:53+00:00","dateModified":"2023-09-08T09:52:26+00:00","breadcrumb":{"@id":"https:\/\/cajonarquitectos.com\/accesibilidad\/#breadcrumb"},"inLanguage":"en-GB","potentialAction":[{"@type":"ReadAction","target":["https:\/\/cajonarquitectos.com\/accesibilidad\/"]}]},{"@type":"BreadcrumbList","@id":"https:\/\/cajonarquitectos.com\/accesibilidad\/#breadcrumb","itemListElement":[{"@type":"ListItem","position":1,"name":"Portada","item":"https:\/\/cajonarquitectos.com\/"},{"@type":"ListItem","position":2,"name":"Accesibilidad"}]},{"@type":"WebSite","@id":"https:\/\/cajonarquitectos.com\/#website","url":"https:\/\/cajonarquitectos.com\/","name":"Cajon Arquitectos","description":"Somos un estudio situado en Ponteareas formado en el a\u00f1o 2017","potentialAction":[{"@type":"SearchAction","target":{"@type":"EntryPoint","urlTemplate":"https:\/\/cajonarquitectos.com\/?s={search_term_string}"},"query-input":"required name=search_term_string"}],"inLanguage":"en-GB"}]}},"_links":{"self":[{"href":"https:\/\/cajonarquitectos.com\/en\/wp-json\/wp\/v2\/pages\/9301","targetHints":{"allow":["GET"]}}],"collection":[{"href":"https:\/\/cajonarquitectos.com\/en\/wp-json\/wp\/v2\/pages"}],"about":[{"href":"https:\/\/cajonarquitectos.com\/en\/wp-json\/wp\/v2\/types\/page"}],"author":[{"embeddable":true,"href":"https:\/\/cajonarquitectos.com\/en\/wp-json\/wp\/v2\/users\/1"}],"replies":[{"embeddable":true,"href":"https:\/\/cajonarquitectos.com\/en\/wp-json\/wp\/v2\/comments?post=9301"}],"version-history":[{"count":2,"href":"https:\/\/cajonarquitectos.com\/en\/wp-json\/wp\/v2\/pages\/9301\/revisions"}],"predecessor-version":[{"id":9590,"href":"https:\/\/cajonarquitectos.com\/en\/wp-json\/wp\/v2\/pages\/9301\/revisions\/9590"}],"wp:attachment":[{"href":"https:\/\/cajonarquitectos.com\/en\/wp-json\/wp\/v2\/media?parent=9301"}],"curies":[{"name":"wp","href":"https:\/\/api.w.org\/{rel}","templated":true}]}}